{"id":43,"date":"2011-07-04T12:52:27","date_gmt":"2011-07-04T09:52:27","guid":{"rendered":"http:\/\/varnita.md\/?page_id=43"},"modified":"2011-08-27T15:52:04","modified_gmt":"2011-08-27T12:52:04","slug":"prefixe-telefonice-internationale","status":"publish","type":"page","link":"https:\/\/varnita.md\/?page_id=43","title":{"rendered":"Prefixe telefonice interna\u0163ionale"},"content":{"rendered":"<table width=\"658\" border=\"1\" cellspacing=\"0\" cellpadding=\"0\">\n<tbody>\n<tr>\n<td colspan=\"6\" width=\"658\">\n<p style=\"text-align: right;\"><strong>Pentru o c\u0103utare mai rapid\u0103 folosi\u0163i combina\u0163ia Ctrl+F.<\/strong><\/p>\n<\/td>\n<\/tr>\n<tr>\n<td width=\"152\"><strong>Afghanistan<\/strong><\/td>\n<td width=\"65\">93<\/td>\n<td width=\"151\"><strong>Gambia<\/strong><\/td>\n<td width=\"66\">220<\/td>\n<td width=\"157\"><strong>New Zealand<\/strong><\/td>\n<td width=\"66\">64<\/td>\n<\/tr>\n<tr>\n<td width=\"152\"><strong>Albania<\/strong><\/td>\n<td width=\"65\">355<\/td>\n<td width=\"151\"><strong>Georgia<\/strong><\/td>\n<td width=\"66\">995<\/td>\n<td width=\"157\"><strong>Nicaragua<\/strong><\/td>\n<td width=\"66\">505<\/td>\n<\/tr>\n<tr>\n<td width=\"152\"><strong>Algeria<\/strong><\/td>\n<td width=\"65\">213<\/td>\n<td width=\"151\"><strong>Germany<\/strong><\/td>\n<td width=\"66\">49<\/td>\n<td width=\"157\"><strong>Niger<\/strong><\/td>\n<td width=\"66\">227<\/td>\n<\/tr>\n<tr>\n<td width=\"152\"><strong>American Samoa<\/strong><\/td>\n<td width=\"65\">684<\/td>\n<td width=\"151\"><strong>Ghana<\/strong><\/td>\n<td width=\"66\">233<\/td>\n<td width=\"157\"><strong>Nigeria<\/strong><\/td>\n<td width=\"66\">234<\/td>\n<\/tr>\n<tr>\n<td width=\"152\"><strong>Andorra<\/strong><\/td>\n<td width=\"65\">376<\/td>\n<td width=\"151\"><strong>Gibraltar<\/strong><\/td>\n<td width=\"66\">350<\/td>\n<td width=\"157\"><strong>Niue<\/strong><\/td>\n<td width=\"66\">683<\/td>\n<\/tr>\n<tr>\n<td width=\"152\"><strong>Angola<\/strong><\/td>\n<td width=\"65\">244<\/td>\n<td width=\"151\"><strong>(GMSS)<\/strong><\/td>\n<td width=\"66\">881<\/td>\n<td width=\"157\"><strong>Norfolk Island<\/strong><\/td>\n<td width=\"66\">672<\/td>\n<\/tr>\n<tr>\n<td width=\"152\"><strong>Anguilla<\/strong><\/td>\n<td width=\"65\">1-264<\/td>\n<td width=\"151\"><strong>Greece<\/strong><\/td>\n<td width=\"66\">30<\/td>\n<td width=\"157\"><strong>Northern Marianas Islands<\/strong><\/td>\n<td width=\"66\">1-670<\/td>\n<\/tr>\n<tr>\n<td width=\"152\"><strong>Antarctica<\/strong><\/td>\n<td width=\"65\">672<\/td>\n<td width=\"151\"><strong>Greenland<\/strong><\/td>\n<td width=\"66\">299<\/td>\n<td width=\"157\"><strong>Norway<\/strong><\/td>\n<td width=\"66\">47<\/td>\n<\/tr>\n<tr>\n<td width=\"152\"><strong>Antigua<\/strong><\/td>\n<td width=\"65\">1-268<\/td>\n<td width=\"151\"><strong>Grenada<\/strong><\/td>\n<td width=\"66\">1-473<\/td>\n<td width=\"157\"><strong>Oman<\/strong><\/td>\n<td width=\"66\">968<\/td>\n<\/tr>\n<tr>\n<td width=\"152\"><strong>Argentina<\/strong><\/td>\n<td width=\"65\">54<\/td>\n<td width=\"151\"><strong>Guadeloupe<\/strong><\/td>\n<td width=\"66\">590<\/td>\n<td width=\"157\"><strong>Pakistan<\/strong><\/td>\n<td width=\"66\">92<\/td>\n<\/tr>\n<tr>\n<td width=\"152\"><strong>Armenia<\/strong><\/td>\n<td width=\"65\">374<\/td>\n<td width=\"151\"><strong>Guam<\/strong><\/td>\n<td width=\"66\">1-671<\/td>\n<td width=\"157\"><strong>Palau<\/strong><\/td>\n<td width=\"66\">680<\/td>\n<\/tr>\n<tr>\n<td width=\"152\"><strong>Aruba<\/strong><\/td>\n<td width=\"65\">297<\/td>\n<td width=\"151\"><strong>Guantanamo Bay<\/strong><\/td>\n<td width=\"66\">5399<\/td>\n<td width=\"157\"><strong>Palestine<\/strong><\/td>\n<td width=\"66\">970<\/td>\n<\/tr>\n<tr>\n<td width=\"152\"><strong>Ascension Island<\/strong><\/td>\n<td width=\"65\">247<\/td>\n<td width=\"151\"><strong>Guatemala<\/strong><\/td>\n<td width=\"66\">502<\/td>\n<td width=\"157\"><strong>Panama<\/strong><\/td>\n<td width=\"66\">507<\/td>\n<\/tr>\n<tr>\n<td width=\"152\"><strong>Australia(Voice calls)<\/strong><\/td>\n<td width=\"65\">61<\/td>\n<td width=\"151\"><strong>Guinea-Bissau<\/strong><\/td>\n<td width=\"66\">245<\/td>\n<td width=\"157\"><strong>Papua New Guinea<\/strong><\/td>\n<td width=\"66\">675<\/td>\n<\/tr>\n<tr>\n<td width=\"152\"><strong>Australia(Fax calls)<\/strong><\/td>\n<td width=\"65\">61<\/td>\n<td width=\"151\"><strong>Guinea(PRP)<\/strong><\/td>\n<td width=\"66\">224<\/td>\n<td width=\"157\"><strong>Paraguay<\/strong><\/td>\n<td width=\"66\">595<\/td>\n<\/tr>\n<tr>\n<td width=\"152\"><strong>Australia(Common)<\/strong><\/td>\n<td width=\"65\">61<\/td>\n<td width=\"151\"><strong>Guyana<\/strong><\/td>\n<td width=\"66\">592<\/td>\n<td width=\"157\"><strong>Peru<\/strong><\/td>\n<td width=\"66\">51<\/td>\n<\/tr>\n<tr>\n<td width=\"152\"><strong>Austria<\/strong><\/td>\n<td width=\"65\">43<\/td>\n<td width=\"151\"><strong>Haiti<\/strong><\/td>\n<td width=\"66\">509<\/td>\n<td width=\"157\"><strong>Philippines<\/strong><\/td>\n<td width=\"66\">63<\/td>\n<\/tr>\n<tr>\n<td width=\"152\"><strong>Azerbaijan<\/strong><\/td>\n<td width=\"65\">994<\/td>\n<td width=\"151\"><strong>Honduras<\/strong><\/td>\n<td width=\"66\">504<\/td>\n<td width=\"157\"><strong>Poland<\/strong><\/td>\n<td width=\"66\">48<\/td>\n<\/tr>\n<tr>\n<td width=\"152\"><strong>Bahamas<\/strong><\/td>\n<td width=\"65\">1-242<\/td>\n<td width=\"151\"><strong>Hong Kong<\/strong><\/td>\n<td width=\"66\">852<\/td>\n<td width=\"157\"><strong>Portugal<\/strong><\/td>\n<td width=\"66\">351<\/td>\n<\/tr>\n<tr>\n<td width=\"152\"><strong>Bahrain<\/strong><\/td>\n<td width=\"65\">973<\/td>\n<td width=\"151\"><strong>Hungary<\/strong><\/td>\n<td width=\"66\">36<\/td>\n<td width=\"157\"><strong>Puerto Rico<\/strong><\/td>\n<td width=\"66\">1-787<\/td>\n<\/tr>\n<tr>\n<td width=\"152\"><strong>Bangladesh<\/strong><\/td>\n<td width=\"65\">880<\/td>\n<td width=\"151\"><strong>Iceland<\/strong><\/td>\n<td width=\"66\">354<\/td>\n<td width=\"157\"><strong>Qatar<\/strong><\/td>\n<td width=\"66\">974<\/td>\n<\/tr>\n<tr>\n<td width=\"152\"><strong>Barbados<\/strong><\/td>\n<td width=\"65\">1-246<\/td>\n<td width=\"151\"><strong>India<\/strong><\/td>\n<td width=\"66\">91<\/td>\n<td width=\"157\"><strong>Reunion Island<\/strong><\/td>\n<td width=\"66\">262<\/td>\n<\/tr>\n<tr>\n<td width=\"152\"><strong>Barbuda<\/strong><\/td>\n<td width=\"65\">1-268<\/td>\n<td width=\"151\"><strong>Indonesia<\/strong><\/td>\n<td width=\"66\">62<\/td>\n<td width=\"157\"><strong>Romania<\/strong><\/td>\n<td width=\"66\">40<\/td>\n<\/tr>\n<tr>\n<td width=\"152\"><strong>Belarus<\/strong><\/td>\n<td width=\"65\">375<\/td>\n<td width=\"151\"><strong>Inmarsat(Atlantic East)<\/strong><\/td>\n<td width=\"66\">871<\/td>\n<td width=\"157\"><strong>Russia<\/strong><\/td>\n<td width=\"66\">7<\/td>\n<\/tr>\n<tr>\n<td width=\"152\"><strong>Belgium<\/strong><\/td>\n<td width=\"65\">32<\/td>\n<td width=\"151\"><strong>Inmarsat(Atlantic West)<\/strong><\/td>\n<td width=\"66\">874<\/td>\n<td width=\"157\"><strong>Rwanda<\/strong><\/td>\n<td width=\"66\">250<\/td>\n<\/tr>\n<tr>\n<td width=\"152\"><strong>Belize<\/strong><\/td>\n<td width=\"65\">501<\/td>\n<td width=\"151\"><strong>Inmarsat(Indian Ocean)<\/strong><\/td>\n<td width=\"66\">873<\/td>\n<td width=\"157\"><strong>St. Helena<\/strong><\/td>\n<td width=\"66\">290<\/td>\n<\/tr>\n<tr>\n<td width=\"152\"><strong>Benin<\/strong><\/td>\n<td width=\"65\">229<\/td>\n<td width=\"151\"><strong>Inmarsat(Pacific Ocean)<\/strong><\/td>\n<td width=\"66\">872<\/td>\n<td width=\"157\"><strong>St. Kitts &amp; Nevis<\/strong><\/td>\n<td width=\"66\">1-869<\/td>\n<\/tr>\n<tr>\n<td width=\"152\"><strong>Bermuda<\/strong><\/td>\n<td width=\"65\">1-441<\/td>\n<td width=\"151\"><strong>Inmarsat SNAC<\/strong><\/td>\n<td width=\"66\">870<\/td>\n<td width=\"157\"><strong>St. Lucia<\/strong><\/td>\n<td width=\"66\">1-758<\/td>\n<\/tr>\n<tr>\n<td width=\"152\"><strong>Bhutan<\/strong><\/td>\n<td width=\"65\">975<\/td>\n<td width=\"151\"><strong>Iran<\/strong><\/td>\n<td width=\"66\">98<\/td>\n<td width=\"157\"><strong>St. Pierre &amp; Miquelon<\/strong><\/td>\n<td width=\"66\">508<\/td>\n<\/tr>\n<tr>\n<td width=\"152\"><strong>Bolivia<\/strong><\/td>\n<td width=\"65\">591<\/td>\n<td width=\"151\"><strong>Iraq<\/strong><\/td>\n<td width=\"66\">964<\/td>\n<td width=\"157\"><strong>St. Vincent &amp; Grenadines<\/strong><\/td>\n<td width=\"66\">1-784<\/td>\n<\/tr>\n<tr>\n<td width=\"152\"><strong>Bosnia &amp; Herzogovina<\/strong><\/td>\n<td width=\"65\">387<\/td>\n<td width=\"151\"><strong>Ireland<\/strong><\/td>\n<td width=\"66\">353<\/td>\n<td width=\"157\"><strong>San Marino<\/strong><\/td>\n<td width=\"66\">378<\/td>\n<\/tr>\n<tr>\n<td width=\"152\"><strong>Botswana<\/strong><\/td>\n<td width=\"65\">267<\/td>\n<td width=\"151\"><strong>Iridium<\/strong><\/td>\n<td width=\"66\">8816<\/td>\n<td width=\"157\"><strong>San Tome and Principe<\/strong><\/td>\n<td width=\"66\">239<\/td>\n<\/tr>\n<tr>\n<td width=\"152\"><strong>Brazil<\/strong><\/td>\n<td width=\"65\">55<\/td>\n<td width=\"151\"><strong>Iridium<\/strong><\/td>\n<td width=\"66\">8817<\/td>\n<td width=\"157\"><strong>Saudi Arabia<\/strong><\/td>\n<td width=\"66\">966<\/td>\n<\/tr>\n<tr>\n<td width=\"152\"><strong>British Virgin Islands<\/strong><\/td>\n<td width=\"65\">1-284<\/td>\n<td width=\"151\"><strong>Israel<\/strong><\/td>\n<td width=\"66\">972<\/td>\n<td width=\"157\"><strong>Senegal<\/strong><\/td>\n<td width=\"66\">221<\/td>\n<\/tr>\n<tr>\n<td width=\"152\"><strong>Brunei<\/strong><\/td>\n<td width=\"65\">673<\/td>\n<td width=\"151\"><strong>Italy<\/strong><\/td>\n<td width=\"66\">39<\/td>\n<td width=\"157\"><strong>Serbia<\/strong><\/td>\n<td width=\"66\">381<\/td>\n<\/tr>\n<tr>\n<td width=\"152\"><strong>Bulgaria<\/strong><\/td>\n<td width=\"65\">359<\/td>\n<td width=\"151\"><strong>Ivory Coast<\/strong><\/td>\n<td width=\"66\">225<\/td>\n<td width=\"157\"><strong>Seychelles Islands<\/strong><\/td>\n<td width=\"66\">248<\/td>\n<\/tr>\n<tr>\n<td width=\"152\"><strong>Burkina Faso<\/strong><\/td>\n<td width=\"65\">226<\/td>\n<td width=\"151\"><strong>Jamaica<\/strong><\/td>\n<td width=\"66\">1-876<\/td>\n<td width=\"157\"><strong>Sierra Leone<\/strong><\/td>\n<td width=\"66\">232<\/td>\n<\/tr>\n<tr>\n<td width=\"152\"><strong>Burundi<\/strong><\/td>\n<td width=\"65\">257<\/td>\n<td width=\"151\"><strong>Japan<\/strong><\/td>\n<td width=\"66\">81<\/td>\n<td width=\"157\"><strong>Singapore<\/strong><\/td>\n<td width=\"66\">65<\/td>\n<\/tr>\n<tr>\n<td width=\"152\"><strong>Cambodia<\/strong><\/td>\n<td width=\"65\">855<\/td>\n<td width=\"151\"><strong>Jordan<\/strong><\/td>\n<td width=\"66\">962<\/td>\n<td width=\"157\"><strong>Slovak Republik<\/strong><\/td>\n<td width=\"66\">421<\/td>\n<\/tr>\n<tr>\n<td width=\"152\"><strong>Cameroon<\/strong><\/td>\n<td width=\"65\">237<\/td>\n<td width=\"151\"><strong>Kazakhstan<\/strong><\/td>\n<td width=\"66\">7<\/td>\n<td width=\"157\"><strong>Slovenia<\/strong><\/td>\n<td width=\"66\">386<\/td>\n<\/tr>\n<tr>\n<td width=\"152\"><strong>Canada<\/strong><\/td>\n<td width=\"65\">1<\/td>\n<td width=\"151\"><strong>kenya<\/strong><\/td>\n<td width=\"66\">254<\/td>\n<td width=\"157\"><strong>Solomon Islands<\/strong><\/td>\n<td width=\"66\">677<\/td>\n<\/tr>\n<tr>\n<td width=\"152\"><strong>Cape Verde Islands<\/strong><\/td>\n<td width=\"65\">238<\/td>\n<td width=\"151\"><strong>Kiribati<\/strong><\/td>\n<td width=\"66\">686<\/td>\n<td width=\"157\"><strong>Somalia<\/strong><\/td>\n<td width=\"66\">252<\/td>\n<\/tr>\n<tr>\n<td width=\"152\"><strong>Cayman Islands<\/strong><\/td>\n<td width=\"65\">1-345<\/td>\n<td width=\"151\"><strong>Korea(North)<\/strong><\/td>\n<td width=\"66\">850<\/td>\n<td width=\"157\"><strong>South Africa<\/strong><\/td>\n<td width=\"66\">27<\/td>\n<\/tr>\n<tr>\n<td width=\"152\"><strong>Central African Republic<\/strong><\/td>\n<td width=\"65\">236<\/td>\n<td width=\"151\"><strong>Korea(South)<\/strong><\/td>\n<td width=\"66\">82<\/td>\n<td width=\"157\"><strong>Spain<\/strong><\/td>\n<td width=\"66\">34<\/td>\n<\/tr>\n<tr>\n<td width=\"152\"><strong>Chad<\/strong><\/td>\n<td width=\"65\">235<\/td>\n<td width=\"151\"><strong>Kuwait<\/strong><\/td>\n<td width=\"66\">965<\/td>\n<td width=\"157\"><strong>Sri Lanka<\/strong><\/td>\n<td width=\"66\">94<\/td>\n<\/tr>\n<tr>\n<td width=\"152\"><strong>Chatham Island(N.Z.)<\/strong><\/td>\n<td width=\"65\">64<\/td>\n<td width=\"151\"><strong>Kyrgyz Republic<\/strong><\/td>\n<td width=\"66\">996<\/td>\n<td width=\"157\"><strong>Sudan<\/strong><\/td>\n<td width=\"66\">249<\/td>\n<\/tr>\n<tr>\n<td width=\"152\"><strong>Chile<\/strong><\/td>\n<td width=\"65\">56<\/td>\n<td width=\"151\"><strong>Laos<\/strong><\/td>\n<td width=\"66\">856<\/td>\n<td width=\"157\"><strong>Suriname<\/strong><\/td>\n<td width=\"66\">597<\/td>\n<\/tr>\n<tr>\n<td width=\"152\"><strong>China(PRC)<\/strong><\/td>\n<td width=\"65\">86<\/td>\n<td width=\"151\"><strong>Latvia<\/strong><\/td>\n<td width=\"66\">371<\/td>\n<td width=\"157\"><strong>Swaziland<\/strong><\/td>\n<td width=\"66\">268<\/td>\n<\/tr>\n<tr>\n<td width=\"152\"><strong>Christmas Islands<\/strong><\/td>\n<td width=\"65\">61<\/td>\n<td width=\"151\"><strong>Lebanon<\/strong><\/td>\n<td width=\"66\">961<\/td>\n<td width=\"157\"><strong>Sweden<\/strong><\/td>\n<td width=\"66\">46<\/td>\n<\/tr>\n<tr>\n<td width=\"152\"><strong>Cocos-Keeling Islands<\/strong><\/td>\n<td width=\"65\">61<\/td>\n<td width=\"151\"><strong>Lesotho<\/strong><\/td>\n<td width=\"66\">266<\/td>\n<td width=\"157\"><strong>Switzerland<\/strong><\/td>\n<td width=\"66\">41<\/td>\n<\/tr>\n<tr>\n<td width=\"152\"><strong>Colombia<\/strong><\/td>\n<td width=\"65\">57<\/td>\n<td width=\"151\"><strong>Liberia<\/strong><\/td>\n<td width=\"66\">231<\/td>\n<td width=\"157\"><strong>Syria<\/strong><\/td>\n<td width=\"66\">963<\/td>\n<\/tr>\n<tr>\n<td width=\"152\"><strong>Comoros<\/strong><\/td>\n<td width=\"65\">269<\/td>\n<td width=\"151\"><strong>Libya<\/strong><\/td>\n<td width=\"66\">218<\/td>\n<td width=\"157\"><strong>Taiwan<\/strong><\/td>\n<td width=\"66\">886<\/td>\n<\/tr>\n<tr>\n<td width=\"152\"><strong>Congo<\/strong><\/td>\n<td width=\"65\">242<\/td>\n<td width=\"151\"><strong>Liechtenstein<\/strong><\/td>\n<td width=\"66\">423<\/td>\n<td width=\"157\"><strong>Tajikistan<\/strong><\/td>\n<td width=\"66\">992<\/td>\n<\/tr>\n<tr>\n<td width=\"152\"><strong>Congo, D.R.(former Zaire)<\/strong><\/td>\n<td width=\"65\">243<\/td>\n<td width=\"151\"><strong>Lithuania<\/strong><\/td>\n<td width=\"66\">370<\/td>\n<td width=\"157\"><strong>Tanzania<\/strong><\/td>\n<td width=\"66\">255<\/td>\n<\/tr>\n<tr>\n<td width=\"152\"><strong>Cook Islands<\/strong><\/td>\n<td width=\"65\">682<\/td>\n<td width=\"151\"><strong>Luxembourg<\/strong><\/td>\n<td width=\"66\">352<\/td>\n<td width=\"157\"><strong>Thailand<\/strong><\/td>\n<td width=\"66\">66<\/td>\n<\/tr>\n<tr>\n<td width=\"152\"><strong>Costa Rica<\/strong><\/td>\n<td width=\"65\">506<\/td>\n<td width=\"151\"><strong>Macau<\/strong><\/td>\n<td width=\"66\">853<\/td>\n<td width=\"157\"><strong>Togo<\/strong><\/td>\n<td width=\"66\">228<\/td>\n<\/tr>\n<tr>\n<td width=\"152\"><strong>Croatia<\/strong><\/td>\n<td width=\"65\">385<\/td>\n<td width=\"151\"><strong>Macedonia<\/strong><\/td>\n<td width=\"66\">389<\/td>\n<td width=\"157\"><strong>Tokelau<\/strong><\/td>\n<td width=\"66\">690<\/td>\n<\/tr>\n<tr>\n<td width=\"152\"><strong>Cuba<\/strong><\/td>\n<td width=\"65\">53<\/td>\n<td width=\"151\"><strong>Madagascar<\/strong><\/td>\n<td width=\"66\">261<\/td>\n<td width=\"157\"><strong>Tonga Islands<\/strong><\/td>\n<td width=\"66\">676<\/td>\n<\/tr>\n<tr>\n<td width=\"152\"><strong>Cuba(Guantanamo)<\/strong><\/td>\n<td width=\"65\">5399<\/td>\n<td width=\"151\"><strong>Malawi<\/strong><\/td>\n<td width=\"66\">265<\/td>\n<td width=\"157\"><strong>Trinidad &amp; Tobago<\/strong><\/td>\n<td width=\"66\">1-868<\/td>\n<\/tr>\n<tr>\n<td width=\"152\"><strong>Curasao<\/strong><\/td>\n<td width=\"65\">599<\/td>\n<td width=\"151\"><strong>Malaysia<\/strong><\/td>\n<td width=\"66\">60<\/td>\n<td width=\"157\"><strong>Tunisia<\/strong><\/td>\n<td width=\"66\">216<\/td>\n<\/tr>\n<tr>\n<td width=\"152\"><strong>Cyprus<\/strong><\/td>\n<td width=\"65\">357<\/td>\n<td width=\"151\"><strong>Maldives<\/strong><\/td>\n<td width=\"66\">960<\/td>\n<td width=\"157\"><strong>Turkey<\/strong><\/td>\n<td width=\"66\">90<\/td>\n<\/tr>\n<tr>\n<td width=\"152\"><strong>Czech Republic<\/strong><\/td>\n<td width=\"65\">420<\/td>\n<td width=\"151\"><strong>Mali Republic<\/strong><\/td>\n<td width=\"66\">223<\/td>\n<td width=\"157\"><strong>Turkmenistan<\/strong><\/td>\n<td width=\"66\">993<\/td>\n<\/tr>\n<tr>\n<td width=\"152\"><strong>Denmark<\/strong><\/td>\n<td width=\"65\">45<\/td>\n<td width=\"151\"><strong>Malta<\/strong><\/td>\n<td width=\"66\">356<\/td>\n<td width=\"157\"><strong>Turks and Caicos Islands<\/strong><\/td>\n<td width=\"66\">1-649<\/td>\n<\/tr>\n<tr>\n<td width=\"152\"><strong>Diego Garcia<\/strong><\/td>\n<td width=\"65\">246<\/td>\n<td width=\"151\"><strong>Marshall Islands<\/strong><\/td>\n<td width=\"66\">692<\/td>\n<td width=\"157\"><strong>Tuvalu<\/strong><\/td>\n<td width=\"66\">688<\/td>\n<\/tr>\n<tr>\n<td width=\"152\"><strong>Djibouti<\/strong><\/td>\n<td width=\"65\">253<\/td>\n<td width=\"151\"><strong>Martinique<\/strong><\/td>\n<td width=\"66\">596<\/td>\n<td width=\"157\"><strong>Uganda<\/strong><\/td>\n<td width=\"66\">256<\/td>\n<\/tr>\n<tr>\n<td width=\"152\"><strong>Dominica<\/strong><\/td>\n<td width=\"65\">1-767<\/td>\n<td width=\"151\"><strong>Mauritania<\/strong><\/td>\n<td width=\"66\">222<\/td>\n<td width=\"157\"><strong>Ukraine<\/strong><\/td>\n<td width=\"66\">380<\/td>\n<\/tr>\n<tr>\n<td width=\"152\"><strong>Dominician Republic<\/strong><\/td>\n<td width=\"65\">1-809<\/td>\n<td width=\"151\"><strong>Mauritius<\/strong><\/td>\n<td width=\"66\">230<\/td>\n<td width=\"157\"><strong>United Arab Emirates<\/strong><\/td>\n<td width=\"66\">971<\/td>\n<\/tr>\n<tr>\n<td width=\"152\"><strong>East Timor<\/strong><\/td>\n<td width=\"65\">670<\/td>\n<td width=\"151\"><strong>Mayotte Island<\/strong><\/td>\n<td width=\"66\">269<\/td>\n<td width=\"157\"><strong>United Kingdom<\/strong><\/td>\n<td width=\"66\">44<\/td>\n<\/tr>\n<tr>\n<td width=\"152\"><strong>Easter Island<\/strong><\/td>\n<td width=\"65\">56<\/td>\n<td width=\"151\"><strong>Mexico<\/strong><\/td>\n<td width=\"66\">52<\/td>\n<td width=\"157\"><strong>United States of America<\/strong><\/td>\n<td width=\"66\">1<\/td>\n<\/tr>\n<tr>\n<td width=\"152\"><strong>Ecuador<\/strong><\/td>\n<td width=\"65\">593<\/td>\n<td width=\"151\"><strong>Micronesia<\/strong><\/td>\n<td width=\"66\">691<\/td>\n<td width=\"157\"><strong>US Virgin Islands<\/strong><\/td>\n<td width=\"66\">1-340*<\/td>\n<\/tr>\n<tr>\n<td width=\"152\"><strong>Egypt<\/strong><\/td>\n<td width=\"65\">20<\/td>\n<td width=\"151\"><strong>Midway Island<\/strong><\/td>\n<td width=\"66\">808<\/td>\n<td width=\"157\"><strong>(UPT)<\/strong><\/td>\n<td width=\"66\">878<\/td>\n<\/tr>\n<tr>\n<td width=\"152\"><strong>El Salvador<\/strong><\/td>\n<td width=\"65\">503<\/td>\n<td width=\"151\"><strong>Moldova<\/strong><\/td>\n<td width=\"66\">373<\/td>\n<td width=\"157\"><strong>Uruguay<\/strong><\/td>\n<td width=\"66\">598<\/td>\n<\/tr>\n<tr>\n<td width=\"152\"><strong>Equatorial Guinea<\/strong><\/td>\n<td width=\"65\">240<\/td>\n<td width=\"151\"><strong>Monaco<\/strong><\/td>\n<td width=\"66\">377<\/td>\n<td width=\"157\"><strong>Uzbekistan<\/strong><\/td>\n<td width=\"66\">998<\/td>\n<\/tr>\n<tr>\n<td width=\"152\"><strong>Eritrea<\/strong><\/td>\n<td width=\"65\">291<\/td>\n<td width=\"151\"><strong>Mongolia<\/strong><\/td>\n<td width=\"66\">976<\/td>\n<td width=\"157\"><strong>Vanuatu<\/strong><\/td>\n<td width=\"66\">678<\/td>\n<\/tr>\n<tr>\n<td width=\"152\"><strong>Estonia<\/strong><\/td>\n<td width=\"65\">372<\/td>\n<td width=\"151\"><strong>Montserrat<\/strong><\/td>\n<td width=\"66\">1-664<\/td>\n<td width=\"157\"><strong>Vatican City<\/strong><\/td>\n<td width=\"66\">39<\/td>\n<\/tr>\n<tr>\n<td width=\"152\"><strong>Ethiopia<\/strong><\/td>\n<td width=\"65\">251<\/td>\n<td width=\"151\"><strong>Morocco<\/strong><\/td>\n<td width=\"66\">212<\/td>\n<td width=\"157\"><strong>Venezuela<\/strong><\/td>\n<td width=\"66\">58<\/td>\n<\/tr>\n<tr>\n<td width=\"152\"><strong>Faeroe Islands<\/strong><\/td>\n<td width=\"65\">298<\/td>\n<td width=\"151\"><strong>Mozambique<\/strong><\/td>\n<td width=\"66\">258<\/td>\n<td width=\"157\"><strong>Vietnam<\/strong><\/td>\n<td width=\"66\">84<\/td>\n<\/tr>\n<tr>\n<td width=\"152\"><strong>Falkland Islands<\/strong><\/td>\n<td width=\"65\">500<\/td>\n<td width=\"151\"><strong>Myanmar<\/strong><\/td>\n<td width=\"66\">95<\/td>\n<td width=\"157\"><strong>Wake Island<\/strong><\/td>\n<td width=\"66\">808<\/td>\n<\/tr>\n<tr>\n<td width=\"152\"><strong>Fiji Islands<\/strong><\/td>\n<td width=\"65\">679<\/td>\n<td width=\"151\"><strong>Namibia<\/strong><\/td>\n<td width=\"66\">264<\/td>\n<td width=\"157\"><strong>Wallis and Futuna Islands<\/strong><\/td>\n<td width=\"66\">681<\/td>\n<\/tr>\n<tr>\n<td width=\"152\"><strong>Finland<\/strong><\/td>\n<td width=\"65\">358<\/td>\n<td width=\"151\"><strong>Nauru<\/strong><\/td>\n<td width=\"66\">674<\/td>\n<td width=\"157\"><strong>Western Samoa<\/strong><\/td>\n<td width=\"66\">685<\/td>\n<\/tr>\n<tr>\n<td width=\"152\"><strong>France<\/strong><\/td>\n<td width=\"65\">33<\/td>\n<td width=\"151\"><strong>Nepal<\/strong><\/td>\n<td width=\"66\">977<\/td>\n<td width=\"157\"><strong>Yemen<\/strong><\/td>\n<td width=\"66\">967<\/td>\n<\/tr>\n<tr>\n<td width=\"152\"><strong>French Antilles<\/strong><\/td>\n<td width=\"65\">596<\/td>\n<td width=\"151\"><strong>Netherlands<\/strong><\/td>\n<td width=\"66\">31<\/td>\n<td width=\"157\"><strong>Yugoslavia<\/strong><\/td>\n<td width=\"66\">381<\/td>\n<\/tr>\n<tr>\n<td width=\"152\"><strong>French Guiana<\/strong><\/td>\n<td width=\"65\">594<\/td>\n<td width=\"151\"><strong>Netherlands Antilles<\/strong><\/td>\n<td width=\"66\">599<\/td>\n<td width=\"157\"><strong>Zambia<\/strong><\/td>\n<td width=\"66\">260<\/td>\n<\/tr>\n<tr>\n<td width=\"152\"><strong>French Polynesia<\/strong><\/td>\n<td width=\"65\">689<\/td>\n<td width=\"151\"><strong>Nevis<\/strong><\/td>\n<td width=\"66\">869<\/td>\n<td width=\"157\"><strong>Zanzibar<\/strong><\/td>\n<td width=\"66\">259<\/td>\n<\/tr>\n<tr>\n<td width=\"152\"><strong>Gabon<\/strong><\/td>\n<td width=\"65\">241<\/td>\n<td width=\"151\"><strong>New Caledonia<\/strong><\/td>\n<td width=\"66\">687<\/td>\n<td width=\"157\"><strong>Zimbabwe<\/strong><\/td>\n<td width=\"66\">263<\/td>\n<\/tr>\n<\/tbody>\n<\/table>\n","protected":false},"excerpt":{"rendered":"<p>Pentru o c\u0103utare mai rapid\u0103 folosi\u0163i combina\u0163ia Ctrl+F. Afghanistan 93 Gambia 220 New Zealand 64 Albania 355 Georgia 995 Nicaragua 505 Algeria 213 Germany 49<\/p>\n","protected":false},"author":4,"featured_media":0,"parent":0,"menu_order":0,"comment_status":"closed","ping_status":"open","template":"onecolumn-page.php","meta":{"CBBTypography":[],"footnotes":""},"class_list":["post-43","page","type-page","status-publish","hentry"],"_links":{"self":[{"href":"https:\/\/varnita.md\/index.php?rest_route=\/wp\/v2\/pages\/43","targetHints":{"allow":["GET"]}}],"collection":[{"href":"https:\/\/varnita.md\/index.php?rest_route=\/wp\/v2\/pages"}],"about":[{"href":"https:\/\/varnita.md\/index.php?rest_route=\/wp\/v2\/types\/page"}],"author":[{"embeddable":true,"href":"https:\/\/varnita.md\/index.php?rest_route=\/wp\/v2\/users\/4"}],"replies":[{"embeddable":true,"href":"https:\/\/varnita.md\/index.php?rest_route=%2Fwp%2Fv2%2Fcomments&post=43"}],"version-history":[{"count":0,"href":"https:\/\/varnita.md\/index.php?rest_route=\/wp\/v2\/pages\/43\/revisions"}],"wp:attachment":[{"href":"https:\/\/varnita.md\/index.php?rest_route=%2Fwp%2Fv2%2Fmedia&parent=43"}],"curies":[{"name":"wp","href":"https:\/\/api.w.org\/{rel}","templated":true}]}}