{"id":3607,"date":"2021-10-28T11:36:21","date_gmt":"2021-10-28T08:36:21","guid":{"rendered":"https:\/\/varnita.md\/?page_id=3607"},"modified":"2021-10-28T11:42:17","modified_gmt":"2021-10-28T08:42:17","slug":"persoana-responsabila","status":"publish","type":"page","link":"https:\/\/varnita.md\/?page_id=3607","title":{"rendered":"Persoana responsabil\u0103"},"content":{"rendered":"<h2 style=\"text-align: center;\"><strong>\u0218tefaniuc Svetlana<\/strong>,<\/h2>\n<h3 style=\"text-align: center;\">secretar\u0103 a Consiliului local Varni\u021ba &#8211; responsabil\u0103<\/h3>\n<h3 style=\"text-align: center;\">de coordonarea procesului<\/h3>\n<h3 style=\"text-align: center;\">privind transparen\u021ba decizional\u0103 \u00een cadrul Prim\u0103riei s. Varni\u021ba.<\/h3>\n<h3 style=\"text-align: center;\">tel. 0(265) 46-236<\/h3>\n","protected":false},"excerpt":{"rendered":"<p>\u0218tefaniuc Svetlana, secretar\u0103 a Consiliului local Varni\u021ba &#8211; responsabil\u0103 de coordonarea procesului privind transparen\u021ba decizional\u0103 \u00een cadrul Prim\u0103riei s. Varni\u021ba. tel. 0(265) 46-236<\/p>\n","protected":false},"author":6,"featured_media":0,"parent":0,"menu_order":0,"comment_status":"closed","ping_status":"closed","template":"","meta":{"CBBTypography":[],"footnotes":""},"class_list":["post-3607","page","type-page","status-publish","hentry"],"_links":{"self":[{"href":"https:\/\/varnita.md\/index.php?rest_route=\/wp\/v2\/pages\/3607","targetHints":{"allow":["GET"]}}],"collection":[{"href":"https:\/\/varnita.md\/index.php?rest_route=\/wp\/v2\/pages"}],"about":[{"href":"https:\/\/varnita.md\/index.php?rest_route=\/wp\/v2\/types\/page"}],"author":[{"embeddable":true,"href":"https:\/\/varnita.md\/index.php?rest_route=\/wp\/v2\/users\/6"}],"replies":[{"embeddable":true,"href":"https:\/\/varnita.md\/index.php?rest_route=%2Fwp%2Fv2%2Fcomments&post=3607"}],"version-history":[{"count":0,"href":"https:\/\/varnita.md\/index.php?rest_route=\/wp\/v2\/pages\/3607\/revisions"}],"wp:attachment":[{"href":"https:\/\/varnita.md\/index.php?rest_route=%2Fwp%2Fv2%2Fmedia&parent=3607"}],"curies":[{"name":"wp","href":"https:\/\/api.w.org\/{rel}","templated":true}]}}